{"id":5,"date":"2019-07-10T20:13:12","date_gmt":"2019-07-10T18:13:12","guid":{"rendered":"http:\/\/293495.webhosting51.1blu.de\/?page_id=5"},"modified":"2019-07-10T21:44:20","modified_gmt":"2019-07-10T19:44:20","slug":"ueber-mich","status":"publish","type":"page","link":"http:\/\/edi-karaoke.de\/?page_id=5","title":{"rendered":"\u00dcber mich"},"content":{"rendered":"<p style=\"text-align: center;\">Wie kam ich zu Karaoke?<\/p>\n<p style=\"text-align: center;\">Ich war schon in meiner Jugendzeit ein totaler Musik-Freak.<br \/>\nIn den 70er, der sogenannten Flower-Power Zeit investierte ich oft meinen ganzen Verdienst um mir die Schallplatten zu kaufen.<\/p>\n<p style=\"text-align: center;\">Vor allem von den damals aktuellen Bands wie<br \/>\nSweet, Smokie, Rubettes usw.<br \/>\nAuch gefiel mir die Rockmusik, so da\u00df ich mir auch Schallplatten von Deep Purple, Black Sabbath, Status Quo und vielen anderen Combos zulegte.<\/p>\n<p style=\"text-align: center;\">Ich dachte mir damals schon: &#8220;Warum gibt es diese Songs nicht als Instrumentalversionen&#8221;, es gab aber schon Texthefte, die ich kaufte,<br \/>\ndamit ich die Songs auch mittr\u00e4llern konnte.<\/p>\n<p style=\"text-align: center;\">Es war im Jahr 1996, als eine Bekannte sagte,<br \/>\ndass in einer kleinen Kneipe in unserem Ort Karaoke stattfinden w\u00fcrde.<\/p>\n<p style=\"text-align: center;\">Ich konnte damals mit dem Wort Karaoke nichts anfangen,<br \/>\nmeine Bekannte teilte mir mit,<br \/>\ndass dort die G\u00e4ste Lieder live singen k\u00f6nnen, \u00fcber Mikrofon<br \/>\ndas Playback kommt von einer CD<br \/>\nund der Text zu dem abgespielten Lied<br \/>\nerscheint auf\u00a0 einem Monitor, passend zur Melodie eingef\u00e4rbt.<\/p>\n<p style=\"text-align: center;\">Ich dachte: &#8220;Wow, da musst du hin!&#8221;<\/p>\n<p style=\"text-align: center;\">Ich fieberte dem Termin entgegen, und endlich war es soweit!<\/p>\n<p style=\"text-align: center;\">Es sangen dort\u00a0 4 oder 5 Personen, mehr oder weniger gut .<br \/>\nEs bekam jeder Applaus.<\/p>\n<p style=\"text-align: center;\">Ich schaute mir ein Songbuch an und viele Lieder darin kannte ich .<\/p>\n<p style=\"text-align: center;\">Ich wollte es unbedingt auch mal versuchen, aber ich traute mich nicht.<\/p>\n<p style=\"text-align: center;\">Kurz vor Feierabend sagte der KJ, dass er noch 2 oder 3 Lieder spiele,<br \/>\ndann ist Schluss f\u00fcr heute.<\/p>\n<p style=\"text-align: center;\">&#8220;Jetzt oder nie&#8221;, ich muss es probieren, sagte ich zu mir.<\/p>\n<p style=\"text-align: center;\">Ich nahm meinen ganzen Mut zusammen<br \/>\ngab den Songzettel ab,<br \/>\nden ich schon seit ca. 2 Stunden ausgef\u00fcllt hatte.<\/p>\n<p style=\"text-align: center;\">Der Junge mit der Mundharmonika von Bernd Cl\u00fcver, den ich auswendig kannte,<br \/>\ndas war mein erster Karaoke Song.<\/p>\n<p style=\"text-align: center;\">Ich wurde dann auch sofort aufgerufen zum Singen.<\/p>\n<p style=\"text-align: center;\">Die Nervosit\u00e4t war bald verflogen, als ich merkte,<br \/>\nda\u00df das ganze gar nicht schlechter klang als bei den anderen,<br \/>\ndie schon gesungen hatten.<\/p>\n<p style=\"text-align: center;\">Ich wurde auch mit einem kr\u00e4ftigen Applaus belohnt.<\/p>\n<p style=\"text-align: center;\">Der KJ sagte, dass ich hervorragend gesungen h\u00e4tte<br \/>\nund ich doch n\u00e4chstes mal wieder kommen solle.<\/p>\n<p style=\"text-align: center;\">Nun war der Bann gebrochen.<br \/>\nAlle 2 Wochen ging ich ab sofort in diese Kneipe zum Singen.<\/p>\n<p style=\"text-align: center;\">Es machte mir schlie\u00dflich so viel Spa\u00df,<br \/>\ndass ich beschloss mir selbst eine Karaokeanlage zu kaufen.<\/p>\n<p style=\"text-align: center;\">Es haute mich fast vom Hocker als ich mich nach den Preisen erkundigte,<br \/>\ndamals waren ja in Deutschland noch die Laser Discs in.<\/p>\n<p style=\"text-align: center;\">Mit 300,&#8211; DM oder mehr pro Laser Disc war ich dabei daf\u00fcr gabs 28 Songs.\n<\/p>\n<p style=\"text-align: center;\">Ich kaufte mir einen Laser Disc Player,<br \/>\ndie 12 Deutschen Laser Discs von Pioneer die es gab,<br \/>\ndie musste ich unbedingt haben,<br \/>\nau\u00dferdem legte ich mir 10 englische Laser Discs und 7 Italienische zu,<br \/>\nda mir diese Musik auch sehr gefiel.<br \/>\nIch startete mit ca. 800 Songs,<br \/>\neinem\u00a0 Powermixer,<br \/>\n2 Mikrofonen<br \/>\nund 2 PA Full-Range Boxen.<\/p>\n<p style=\"text-align: center;\">Meine Schwester \u00fcbernahm zu der damaligen Zeit eine Gastst\u00e4tte,<br \/>\nin der ich fortan jede Woche einmal Karaoke durchf\u00fchrte.<\/p>\n<p style=\"text-align: center;\">Es kamen immer mehr Anfragen und es bereitete mir Riesenspa\u00df,<br \/>\nmit meinem Hobby, der Musik, auch anderen Freude zu bereiten.<\/p>\n<p style=\"text-align: center;\">Besonders schwierig war es neue deutsche Lieder zu bekommen,<br \/>\ndenn der einzige Produzent Pioneer,<br \/>\nhatte die Produktion der deutschen Karaoke Lieder eingestellt,<br \/>\nda der Absatz in Deutschland zu gering war.<\/p>\n<p style=\"text-align: center;\">Mittlerweile gibt es aber wieder viele tolle deutsche Playbacks.<\/p>\n<p style=\"text-align: center;\">\nStillstand bedeutet R\u00fcckschritt,<br \/>\ndeshalb erweitere ich mein Repertoire laufend.<\/p>\n<p style=\"text-align: center;\">\nKaraoke bereitet mir \u00a0heute noch genauso viel Spa\u00df wie zu Beginn, im Jahre 1997.<br \/>\nMan lernt immer viele nette Menschen dabei kennen, die \u00a0mit viel Freude und guter Laune dabei sind.<br \/>\nMan ist einfach eine gro\u00dfe Karaokefamilie ohne Alterseinschr\u00e4nkung<br \/>\nund das ist das sch\u00f6ne daran.<\/p>\n<p style=\"text-align: center;\">Ich hoffe das bleibt noch lange so Euer\n<\/p>\n<p style=\"text-align: center;\">\u00a0Edi<\/p>\n","protected":false},"excerpt":{"rendered":"<p>Wie kam ich zu Karaoke? Ich war schon in meiner Jugendzeit ein totaler Musik-Freak. In den 70er, der sogenannten Flower-Power Zeit investierte ich oft meinen ganzen Verdienst um mir die Schallplatten zu kaufen. Vor allem von den damals aktuellen Bands wie Sweet, Smokie, Rubettes usw. Auch gefiel mir die Rockmusik, so da\u00df ich mir auch &hellip;<\/p>\n<p class=\"read-more\"> <a class=\"\" href=\"http:\/\/edi-karaoke.de\/?page_id=5\"> <span class=\"screen-reader-text\">\u00dcber mich<\/span> Weiterlesen &raquo;<\/a><\/p>\n","protected":false},"author":1,"featured_media":0,"parent":0,"menu_order":0,"comment_status":"closed","ping_status":"closed","template":"","meta":[],"_links":{"self":[{"href":"http:\/\/edi-karaoke.de\/index.php?rest_route=\/wp\/v2\/pages\/5"}],"collection":[{"href":"http:\/\/edi-karaoke.de\/index.php?rest_route=\/wp\/v2\/pages"}],"about":[{"href":"http:\/\/edi-karaoke.de\/index.php?rest_route=\/wp\/v2\/types\/page"}],"author":[{"embeddable":true,"href":"http:\/\/edi-karaoke.de\/index.php?rest_route=\/wp\/v2\/users\/1"}],"replies":[{"embeddable":true,"href":"http:\/\/edi-karaoke.de\/index.php?rest_route=%2Fwp%2Fv2%2Fcomments&post=5"}],"version-history":[{"count":2,"href":"http:\/\/edi-karaoke.de\/index.php?rest_route=\/wp\/v2\/pages\/5\/revisions"}],"predecessor-version":[{"id":56,"href":"http:\/\/edi-karaoke.de\/index.php?rest_route=\/wp\/v2\/pages\/5\/revisions\/56"}],"wp:attachment":[{"href":"http:\/\/edi-karaoke.de\/index.php?rest_route=%2Fwp%2Fv2%2Fmedia&parent=5"}],"curies":[{"name":"wp","href":"https:\/\/api.w.org\/{rel}","templated":true}]}}