{"id":496,"date":"2019-10-26T15:45:15","date_gmt":"2019-10-26T13:45:15","guid":{"rendered":"http:\/\/293495.webhosting51.1blu.de\/?page_id=496"},"modified":"2019-10-26T15:45:15","modified_gmt":"2019-10-26T13:45:15","slug":"gaestebuch","status":"publish","type":"page","link":"http:\/\/edi-karaoke.de\/?page_id=496","title":{"rendered":"G\u00e4stebuch"},"content":{"rendered":"<div class=\"gwolle-gb\"><div class=\"gwolle_gb_messages_top_container\"><\/div>\n\t\t\t<div class=\"gwolle-gb-write-button\">\n\t\t\t\t<input type=\"button\" name=\"gwolle-gb-write-button\" class=\"button btn btn-default \" value=\"&raquo; Neuen Eintrag schreiben\" \/>\n\t\t\t<\/div>\n\t\t\t<form action=\"#\" method=\"POST\" class=\"gwolle-gb-write gwolle-gb-hide gwolle-gb-float gwolle_gb_form_ajax gwolle-gb-form-ajax\">\n\t\t\t\t<h3>Einen neuen Eintrag f\u00fcr das G\u00e4stebuch schreiben<\/h3>\n\t\t\t\t<button type=\"button\" class=\"gb-notice-dismiss\">x<span class=\"screen-reader-text\">Dieses Formular ausblenden<\/span><\/button>\n\t\t\t\n\t\t\t\t<input type=\"hidden\" name=\"gwolle_gb_function\" class=\"gwolle_gb_function\" value=\"add_entry\" \/><input type=\"hidden\" name=\"gwolle_gb_book_id\" class=\"gwolle_gb_book_id\" value=\"1\" \/><div class=\"gwolle_gb_4f346db5eb2b836ac9e96bdfea8c3716\">\n\t\t\t\t<div class=\"label\"><label for=\"gwolle_gb_4f346db5eb2b836ac9e96bdfea8c3716\" class=\"text-info\">Name *<\/label><\/div>\n\t\t\t\t<div class=\"input\"><input class=\"wp-exclude-emoji gwolle_gb_4f346db5eb2b836ac9e96bdfea8c3716\" value=\"\" type=\"text\" name=\"gwolle_gb_4f346db5eb2b836ac9e96bdfea8c3716\" placeholder=\"Name\" required \/><\/div>\n\t\t\t<\/div>\n\t\t\t<div class=\"clearBoth\">&nbsp;<\/div><div class=\"gwolle_gb_fc27eadb191ff74867e0e04124a3a214\">\n\t\t\t\t\t<div class=\"label\"><label for=\"gwolle_gb_fc27eadb191ff74867e0e04124a3a214\" class=\"text-info\">Ort<\/label><\/div>\n\t\t\t\t\t<div class=\"input\"><input class=\"wp-exclude-emoji gwolle_gb_fc27eadb191ff74867e0e04124a3a214\" value=\"\" type=\"text\" name=\"gwolle_gb_fc27eadb191ff74867e0e04124a3a214\" placeholder=\"Ort\" \/><\/div>\n\t\t\t\t<\/div>\n\t\t\t\t<div class=\"clearBoth\">&nbsp;<\/div><div class=\"gwolle_gb_1c359a1062e01889fdf685cf9cdb0fb8\">\n\t\t\t\t<div class=\"label\"><label for=\"gwolle_gb_1c359a1062e01889fdf685cf9cdb0fb8\" class=\"text-info\">E-Mail *<\/label><\/div>\n\t\t\t\t<div class=\"input\"><input class=\"gwolle_gb_1c359a1062e01889fdf685cf9cdb0fb8\" value=\"\" type=\"email\" name=\"gwolle_gb_1c359a1062e01889fdf685cf9cdb0fb8\" placeholder=\"E-Mail\"  required \/><\/div>\n\t\t\t<\/div>\n\t\t\t<div class=\"clearBoth\">&nbsp;<\/div><div class=\"gwolle_gb_967006897fba61952c20679e24eb5856\">\n\t\t\t\t<div class=\"label\"><label for=\"gwolle_gb_967006897fba61952c20679e24eb5856\" class=\"text-info\">Website<\/label><\/div>\n\t\t\t\t<div class=\"input\"><input class=\"gwolle_gb_967006897fba61952c20679e24eb5856\" value=\"\" type=\"url\" name=\"gwolle_gb_967006897fba61952c20679e24eb5856\" placeholder=\"Website\"  \/><\/div>\n\t\t\t<\/div>\n\t\t\t<div class=\"clearBoth\">&nbsp;<\/div>\n\t\t\t<div class=\"gwolle_gb_21b4b8acfdddecb980297ea0feb5190d\" style=\"display:none;\">\n\t\t\t\t<div class=\"label\">\n\t\t\t\t\t<label for=\"gwolle_gb_21b4b8acfdddecb980297ea0feb5190d\" class=\"text-primary\">Hier nichts eingeben<\/label>\n\t\t\t\t\t<label for=\"gwolle_gb_4a351d799b6ff5ed7fd6d6e8a9d32f58\" class=\"text-primary\">Hier nichts eingeben<\/label>\n\t\t\t\t<\/div>\n\t\t\t\t<div class=\"input\">\n\t\t\t\t\t<input value=\"23\" type=\"text\" name=\"gwolle_gb_21b4b8acfdddecb980297ea0feb5190d\" class=\"gwolle_gb_21b4b8acfdddecb980297ea0feb5190d\" placeholder=\"\" \/>\n\t\t\t\t\t<input value=\"\" type=\"text\" name=\"gwolle_gb_4a351d799b6ff5ed7fd6d6e8a9d32f58\" class=\"gwolle_gb_4a351d799b6ff5ed7fd6d6e8a9d32f58\" placeholder=\"\" \/>\n\t\t\t\t<\/div>\n\t\t\t<\/div>\n\t\t\t<div class=\"clearBoth\"><\/div>\n\t\t\t<div class=\"gwolle_gb_d582a26816a399f15e88f7299cbd5490\" style=\"display:none;\">\n\t\t\t\t<div class=\"label\">\n\t\t\t\t\t<label for=\"gwolle_gb_d582a26816a399f15e88f7299cbd5490\" class=\"text-primary\">Hier nichts eingeben<\/label>\n\t\t\t\t\t<label for=\"gwolle_gb_1f34557a83acb5aad6a331aff1af00f6\" class=\"text-primary\">Hier nichts eingeben<\/label>\n\t\t\t\t<\/div>\n\t\t\t\t<div class=\"input\">\n\t\t\t\t\t<input value=\"10272\" type=\"text\" name=\"gwolle_gb_d582a26816a399f15e88f7299cbd5490\" class=\"gwolle_gb_d582a26816a399f15e88f7299cbd5490\" placeholder=\"\" \/>\n\t\t\t\t\t<input value=\"10272\" type=\"text\" name=\"gwolle_gb_1f34557a83acb5aad6a331aff1af00f6\" class=\"gwolle_gb_1f34557a83acb5aad6a331aff1af00f6\" placeholder=\"\" \/>\n\t\t\t\t<\/div>\n\t\t\t<\/div>\n\t\t\t<div class=\"clearBoth\"><\/div><div class=\"gwolle_gb_content\">\n\t\t\t\t<div class=\"label\"><label for=\"gwolle_gb_content\" class=\"text-info\">G\u00e4stebucheintrag *<\/label><\/div>\n\t\t\t\t<div class=\"input\"><textarea name=\"gwolle_gb_content\" class=\"gwolle_gb_content wp-exclude-emoji\" placeholder=\"G\u00e4stebucheintrag\"  required ><\/textarea><\/div>\n\t\t\t\t<\/div>\n\t\t\t<div class=\"clearBoth\">&nbsp;<\/div><input type=\"hidden\" class=\"gwolle_gb_4de4de81e1774ac1cbb5d05aee1a83f2\" name=\"gwolle_gb_4de4de81e1774ac1cbb5d05aee1a83f2\" value=\"55ad3ec04e\" \/>\n\t\t\t<div class=\"gwolle_gb_messages_bottom_container\"><\/div>\n\n\t\t\t<noscript><div class=\"no-js\">Warnung: Dieses Formular kann nur verwendet werden, wenn in deinem Browser JavaScript aktiviert ist.<\/div><\/noscript>\n\n\t\t\t<div class=\"gwolle_gb_submit\">\n\t\t\t\t<div class=\"label gwolle-gb-invisible text-muted\">&nbsp;<\/div>\n\t\t\t\t<div class=\"input\">\n\t\t\t\t\t<input type=\"submit\" name=\"gwolle_gb_submit\" class=\"gwolle_gb_submit button btn btn-primary \" value=\"Absenden\" \/>\n\t\t\t\t\t<span class=\"gwolle_gb_submit_ajax_icon\"><\/span>\n\t\t\t\n\t\t\t\t<\/div>\n\t\t\t<\/div>\n\t\t\t<div class=\"clearBoth\">&nbsp;<\/div>\n\n\t\t\t<div class=\"gwolle_gb_notice\">\n\t\t\t\t<br \/>\nMit * gekennzeichnete Felder sind erforderlich.<br \/>\nDeine E-Mail-Adresse wird nicht ver\u00f6ffentlicht.<br \/>\nEs ist m\u00f6glich, dass dein Eintrag im G\u00e4stebuch erst sichtbar ist, nachdem wir ihn \u00fcberpr\u00fcft haben.<br \/>\nWir behalten uns vor, Eintr\u00e4ge zu bearbeiten, zu l\u00f6schen oder nicht zu ver\u00f6ffentlichen.<br \/>\n\n\t\t\t<\/div><\/form><div class=\"gwolle-gb-read \" data-book_id=\"1\"><div id=\"gwolle-gb-total\">4 Eintr\u00e4ge<\/div><!-- Gwolle-GB Entry: Default Template Loaded -->\n\t\t\t\t<div class=\"gb-entry gb-entry_140 gb-entry-count_1 gwolle_gb_uneven gwolle-gb-uneven gwolle_gb_first gwolle-gb-first\">\n\t\t\t\t<article>\n\t\t\t\t\t<div class=\"gb-author-info\">\n\t\t\t\t\t\t<span class=\"gb-author-avatar\"><img referrerpolicy=\"no-referrer\" alt='Kluge Annelie' src='http:\/\/1.gravatar.com\/avatar\/17f4c3822fcae8246fcbf72421d45ac1?s=32&#038;d=mm&#038;r=g' srcset='http:\/\/1.gravatar.com\/avatar\/17f4c3822fcae8246fcbf72421d45ac1?s=64&#038;d=mm&#038;r=g 2x' class='avatar avatar-32 photo' height='32' width='32' loading='lazy'\/><\/span>\n\t\t\t\t\t\t<span class=\"gb-author-name\">Kluge Annelie\n\t\t\t\t\t\t<\/span>\n\t\t\t\t\t\t<span class=\"gb-author-origin\"> aus Pforzheim<\/span>\n\t\t\t\t\t\t<span class=\"gb-datetime\">\n\t\t\t\t\t\t\t<span class=\"gb-date\"> schrieb am 28. August 2022<\/span><span class=\"gb-time\"> um 10:45<\/span>:\n\t\t\t\t\t\t<\/span> \n\t\t\t\t\t<\/div>\n\t\t\t\t\t<div class=\"gb-entry-content\">Hallo Edi, es gef\u00e4llt mir sehr gut bei Deinen Karaoke Abenden.\r\nIch habe bereits schon vereinzelt\r\nKaraokeabende mit Dir erlebt in\r\nin Schwanau - - lang, lang ist es \r\nher...... 2006, als blutige Karaokeanfaengerin. \r\nZwischenzeitlich bin ich ein \r\n&#034;alter Hase&#034; in der Karaoke Community geworden und war u. a. auch schon in Costa Rica (Dort\r\nist Karaoke sehr beliebt), in Stra\u00dfburg, in Koeln, in G\u00f6ppingen, in Stuttgart, Karlsruhe, Bruchsal, Speyer, Worms und besonders oft in\r\nOffenburg. \r\nAber bei Dir hat es mir bis jetzt am besten gefallen. \r\nWas ich besonders schaetze\r\nist, dass Du vorurteilsfrei den Menschen begegnest und nicht offensichtlich bestimmte Leute bevorzugst und dass Du normalerweise die Reihen folge\r\nimmer einhaeltst und auch die witzigen Kommentare zu den Songs. Weiter so.\n\t\t\t\t\t<\/div>\n\t\t\t\t\t<div class=\"gb-entry-admin_reply\">\n\t\t\t\t\t\t<div class=\"gb-admin_reply_uid gb-admin-reply-uid\">\n\t\t\t\t\t\t\t<em>Administrator-Antwort von: Edi<\/em>\n\t\t\t\t\t\t<\/div> \n\t\t\t\t\t\t<div class=\"gb-admin_reply_content gb-admin-reply-content\">\n\t\t\t\t\t\tDanke dir, das ist doch super, dass dir Karaoke so viel Spass macht.\n\t\t\t\t\t\t<\/div>\n\t\t\t\t\t<\/div>\n\t\t\t\t<\/article>\n\t\t\t<\/div>\n\t\t\t<div class=\"gb-entry gb-entry_85 gb-entry-count_2 gwolle_gb_even gwolle-gb-even\">\n\t\t\t\t<article>\n\t\t\t\t\t<div class=\"gb-author-info\">\n\t\t\t\t\t\t<span class=\"gb-author-avatar\"><img referrerpolicy=\"no-referrer\" alt='Rolf Ziegler' src='http:\/\/1.gravatar.com\/avatar\/a3beeead71c95c07d0f17afb9f839844?s=32&#038;d=mm&#038;r=g' srcset='http:\/\/1.gravatar.com\/avatar\/a3beeead71c95c07d0f17afb9f839844?s=64&#038;d=mm&#038;r=g 2x' class='avatar avatar-32 photo' height='32' width='32' loading='lazy'\/><\/span>\n\t\t\t\t\t\t<span class=\"gb-author-name\">Rolf Ziegler\n\t\t\t\t\t\t<\/span>\n\t\t\t\t\t\t<span class=\"gb-author-origin\"> aus Oberndorf<\/span>\n\t\t\t\t\t\t<span class=\"gb-datetime\">\n\t\t\t\t\t\t\t<span class=\"gb-date\"> schrieb am 3. Juli 2021<\/span><span class=\"gb-time\"> um 3:28<\/span>:\n\t\t\t\t\t\t<\/span> \n\t\t\t\t\t<\/div>\n\t\t\t\t\t<div class=\"gb-entry-content\">Lieber Edi, endlich nach sooooooo langer Zeit mal wieder einen richtig guten Karaokeabend mit Dir in der Dart-H\u00f6hle Dauchingen. Tolle S\u00e4ngerInnen, Deine tolle Musik, gutes Bewirtung und Service! Herz was willst du mehr?\r\nDanke!\r\n\r\nLiebe Gr\u00fc\u00dfe\r\nRolf\n\t\t\t\t\t<\/div>\n\t\t\t\t<\/article>\n\t\t\t<\/div>\n\t\t\t<div class=\"gb-entry gb-entry_4 gb-entry-count_3 gwolle_gb_uneven gwolle-gb-uneven\">\n\t\t\t\t<article>\n\t\t\t\t\t<div class=\"gb-author-info\">\n\t\t\t\t\t\t<span class=\"gb-author-avatar\"><img referrerpolicy=\"no-referrer\" alt='Chrissi' src='http:\/\/0.gravatar.com\/avatar\/96829b2defd65b5ca5961f4278b97cfe?s=32&#038;d=mm&#038;r=g' srcset='http:\/\/0.gravatar.com\/avatar\/96829b2defd65b5ca5961f4278b97cfe?s=64&#038;d=mm&#038;r=g 2x' class='avatar avatar-32 photo' height='32' width='32' loading='lazy'\/><\/span>\n\t\t\t\t\t\t<span class=\"gb-author-name\">Chrissi\n\t\t\t\t\t\t<\/span>\n\t\t\t\t\t\t<span class=\"gb-author-origin\"> aus Offenburg<\/span>\n\t\t\t\t\t\t<span class=\"gb-datetime\">\n\t\t\t\t\t\t\t<span class=\"gb-date\"> schrieb am 13. Januar 2020<\/span><span class=\"gb-time\"> um 14:05<\/span>:\n\t\t\t\t\t\t<\/span> \n\t\t\t\t\t<\/div>\n\t\t\t\t\t<div class=\"gb-entry-content\">Es war am Samstag ein gelungener Abend in Emmendingen. Du hast das wieder super gemacht Edi.lg Chrissi\n\t\t\t\t\t<\/div>\n\t\t\t\t\t<div class=\"gb-entry-admin_reply\">\n\t\t\t\t\t\t<div class=\"gb-admin_reply_uid gb-admin-reply-uid\">\n\t\t\t\t\t\t\t<em>Administrator-Antwort von: Edi<\/em>\n\t\t\t\t\t\t<\/div> \n\t\t\t\t\t\t<div class=\"gb-admin_reply_content gb-admin-reply-content\">\n\t\t\t\t\t\tDanke Chrissi f\u00fcr das Kompliment. Das kann ich nur an alle weitergeben. Ohne euch alle w\u00e4re der Abend nicht so sch\u00f6n gewesen.\n\t\t\t\t\t\t<\/div>\n\t\t\t\t\t<\/div>\n\t\t\t\t<\/article>\n\t\t\t<\/div>\n\t\t\t<div class=\"gb-entry gb-entry_2 gb-entry-count_4 gwolle_gb_even gwolle-gb-even\">\n\t\t\t\t<article>\n\t\t\t\t\t<div class=\"gb-author-info\">\n\t\t\t\t\t\t<span class=\"gb-author-avatar\"><img referrerpolicy=\"no-referrer\" width=\"32\" height=\"32\" src=\"http:\/\/edi-karaoke.de\/wp-content\/uploads\/2019\/10\/insel-006-48x48.jpg\" class=\"avatar avatar-32 photo\" alt=\"Edi\" loading=\"lazy\" srcset=\"http:\/\/edi-karaoke.de\/wp-content\/uploads\/2019\/10\/insel-006-48x48.jpg 48w, http:\/\/edi-karaoke.de\/wp-content\/uploads\/2019\/10\/insel-006-150x150.jpg 150w, http:\/\/edi-karaoke.de\/wp-content\/uploads\/2019\/10\/insel-006-24x24.jpg 24w, http:\/\/edi-karaoke.de\/wp-content\/uploads\/2019\/10\/insel-006-96x96.jpg 96w\" sizes=\"(max-width: 32px) 100vw, 32px\" \/><\/span>\n\t\t\t\t\t\t<span class=\"gb-author-name\"><a href=\"http:\/\/293495.webhosting51.1blu.de\" target=\"_blank\" rel=\"nofollow noopener noreferrer\"\n\t\t\t\t\t\t\ttitle=\"Besuche die Website von Edi: http:\/\/293495.webhosting51.1blu.de\">Edi<\/a>\n\t\t\t\t\t\t<\/span>\n\t\t\t\t\t\t<span class=\"gb-author-origin\"> aus Offenburg<\/span>\n\t\t\t\t\t\t<span class=\"gb-datetime\">\n\t\t\t\t\t\t\t<span class=\"gb-date\"> schrieb am 26. Oktober 2019<\/span><span class=\"gb-time\"> um 16:52<\/span>:\n\t\t\t\t\t\t<\/span> \n\t\t\t\t\t<\/div>\n\t\t\t\t\t<div class=\"gb-entry-content\">Hallo, meine Homepage wurde neu \u00fcberarbeitet. Hoffe, dass sie euch gef\u00e4llt. Freue mich immer \u00fcber nette Kommentare. Bis bald auf einem der Events.\n\t\t\t\t\t<\/div>\n\t\t\t\t<\/article>\n\t\t\t<\/div>\n\t\t\t<\/div><\/div>\n","protected":false},"excerpt":{"rendered":"","protected":false},"author":1,"featured_media":0,"parent":0,"menu_order":0,"comment_status":"closed","ping_status":"closed","template":"","meta":[],"_links":{"self":[{"href":"http:\/\/edi-karaoke.de\/index.php?rest_route=\/wp\/v2\/pages\/496"}],"collection":[{"href":"http:\/\/edi-karaoke.de\/index.php?rest_route=\/wp\/v2\/pages"}],"about":[{"href":"http:\/\/edi-karaoke.de\/index.php?rest_route=\/wp\/v2\/types\/page"}],"author":[{"embeddable":true,"href":"http:\/\/edi-karaoke.de\/index.php?rest_route=\/wp\/v2\/users\/1"}],"replies":[{"embeddable":true,"href":"http:\/\/edi-karaoke.de\/index.php?rest_route=%2Fwp%2Fv2%2Fcomments&post=496"}],"version-history":[{"count":1,"href":"http:\/\/edi-karaoke.de\/index.php?rest_route=\/wp\/v2\/pages\/496\/revisions"}],"predecessor-version":[{"id":497,"href":"http:\/\/edi-karaoke.de\/index.php?rest_route=\/wp\/v2\/pages\/496\/revisions\/497"}],"wp:attachment":[{"href":"http:\/\/edi-karaoke.de\/index.php?rest_route=%2Fwp%2Fv2%2Fmedia&parent=496"}],"curies":[{"name":"wp","href":"https:\/\/api.w.org\/{rel}","templated":true}]}}