{"id":2,"date":"2019-07-10T20:04:34","date_gmt":"2019-07-10T18:04:34","guid":{"rendered":"http:\/\/293495.webhosting51.1blu.de\/?page_id=2"},"modified":"2019-11-05T07:13:04","modified_gmt":"2019-11-05T06:13:04","slug":"beispiel-seite","status":"publish","type":"page","link":"http:\/\/edi-karaoke.de\/","title":{"rendered":"Frontpage"},"content":{"rendered":"\r\n<p><img loading=\"lazy\" class=\"alignnone size-full wp-image-572\" src=\"http:\/\/293495.webhosting51.1blu.de\/wp-content\/uploads\/2019\/11\/Frontppage.jpg\" alt=\"\" width=\"1024\" height=\"768\" srcset=\"http:\/\/edi-karaoke.de\/wp-content\/uploads\/2019\/11\/Frontppage.jpg 1024w, http:\/\/edi-karaoke.de\/wp-content\/uploads\/2019\/11\/Frontppage-300x225.jpg 300w, http:\/\/edi-karaoke.de\/wp-content\/uploads\/2019\/11\/Frontppage-768x576.jpg 768w\" sizes=\"(max-width: 1024px) 100vw, 1024px\" \/><\/p>\r\n\r\n\r\n\r\n<p>Wie kam ich zu Karaoke?<\/p>\r\n<p>Ich war schon in meiner Jugendzeit ein totaler Musik-Freak.<br \/>In den 70er, der sogenannten Flower-Power Zeit investierte ich oft meinen ganzen Verdienst um mir die Schallplatten zu kaufen.<\/p>\r\n<p>Vor allem von den damals aktuellen Bands wie<br \/>Sweet, Smokie, Rubettes usw.<br \/>Auch gefiel mir die Rockmusik, so da\u00df ich mir auch Schallplatten von Deep Purple, Black Sabbath, Status Quo und vielen anderen Combos zulegte.<\/p>\r\n<p>Ich dachte mir damals schon: \u201cWarum gibt es diese Songs nicht als Instrumentalversionen\u201d, es gab aber schon Texthefte, die ich kaufte,<br \/>damit ich die Songs auch mittr\u00e4llern konnte.<\/p>\r\n<p>Es war im Jahr 1996, als eine Bekannte sagte,<br \/>dass in einer kleinen Kneipe in unserem Ort Karaoke stattfinden w\u00fcrde.<\/p>\r\n<p>Ich konnte damals mit dem Wort Karaoke nichts anfangen,<br \/>meine Bekannte teilte mir mit,<br \/>dass dort die G\u00e4ste Lieder live singen k\u00f6nnen, \u00fcber Mikrofon<br \/>das Playback kommt von einer CD<br \/>und der Text zu dem abgespielten Lied<br \/>erscheint auf\u00a0 einem Monitor, passend zur Melodie eingef\u00e4rbt.<\/p>\r\n<p>Ich dachte: \u201cWow, da musst du hin!\u201d<\/p>\r\n<p>Ich fieberte dem Termin entgegen, und endlich war es soweit!<\/p>\r\n<p>Es sangen dort\u00a0 4 oder 5 Personen, mehr oder weniger gut .<br \/>Es bekam jeder Applaus.<\/p>\r\n<p>Ich schaute mir ein Songbuch an und viele Lieder darin kannte ich .<\/p>\r\n<p>Ich wollte es unbedingt auch mal versuchen, aber ich traute mich nicht.<\/p>\r\n<p>Kurz vor Feierabend sagte der KJ, dass er noch 2 oder 3 Lieder spiele,<br \/>dann ist Schluss f\u00fcr heute.<\/p>\r\n<p>\u201cJetzt oder nie\u201d, ich muss es probieren, sagte ich zu mir.<\/p>\r\n<p>Ich nahm meinen ganzen Mut zusammen<br \/>gab den Songzettel ab,<br \/>den ich schon seit ca. 2 Stunden ausgef\u00fcllt hatte.<\/p>\r\n<p>Der Junge mit der Mundharmonika von Bernd Cl\u00fcver, den ich auswendig kannte,<br \/>das war mein erster Karaoke Song.<\/p>\r\n<p>Ich wurde dann auch sofort aufgerufen zum Singen.<\/p>\r\n<p>Die Nervosit\u00e4t war bald verflogen, als ich merkte,<br \/>da\u00df das ganze gar nicht schlechter klang als bei den anderen,<br \/>die schon gesungen hatten.<\/p>\r\n<p>Ich wurde auch mit einem kr\u00e4ftigen Applaus belohnt.<\/p>\r\n<p>Der KJ sagte, dass ich hervorragend gesungen h\u00e4tte<br \/>und ich doch n\u00e4chstes mal wieder kommen solle.<\/p>\r\n<p>Nun war der Bann gebrochen.<br \/>Alle 2 Wochen ging ich ab sofort in diese Kneipe zum Singen.<\/p>\r\n<p>Es machte mir schlie\u00dflich so viel Spa\u00df,<br \/>dass ich beschloss mir selbst eine Karaokeanlage zu kaufen.<\/p>\r\n<p>Es haute mich fast vom Hocker als ich mich nach den Preisen erkundigte,<br \/>damals waren ja in Deutschland noch die Laser Discs in.<\/p>\r\n<p>Mit 300,\u2013 DM oder mehr pro Laser Disc war ich dabei daf\u00fcr gabs 28 Songs.<\/p>\r\n<p>Ich kaufte mir einen Laser Disc Player,<br \/>die 12 Deutschen Laser Discs von Pioneer die es gab,<br \/>die musste ich unbedingt haben,<br \/>au\u00dferdem legte ich mir 10 englische Laser Discs und 7 Italienische zu,<br \/>da mir diese Musik auch sehr gefiel.<br \/>Ich startete mit ca. 800 Songs,<br \/>einem\u00a0 Powermixer,<br \/>2 Mikrofonen<br \/>und 2 PA Full-Range Boxen.<\/p>\r\n<p>Meine Schwester \u00fcbernahm zu der damaligen Zeit eine Gastst\u00e4tte,<br \/>in der ich fortan jede Woche einmal Karaoke durchf\u00fchrte.<\/p>\r\n<p>Es kamen immer mehr Anfragen und es bereitete mir Riesenspa\u00df,<br \/>mit meinem Hobby, der Musik, auch anderen Freude zu bereiten.<\/p>\r\n<p>Besonders schwierig war es neue deutsche Lieder zu bekommen,<br \/>denn der einzige Produzent Pioneer,<br \/>hatte die Produktion der deutschen Karaoke Lieder eingestellt,<br \/>da der Absatz in Deutschland zu gering war.<\/p>\r\n<p>Mittlerweile gibt es aber wieder viele tolle deutsche Playbacks.<\/p>\r\n<p>Stillstand bedeutet R\u00fcckschritt,<br \/>deshalb erweitere ich mein Repertoire laufend.<\/p>\r\n<p>Karaoke bereitet mir \u00a0heute noch genauso viel Spa\u00df wie zu Beginn, im Jahre 1997.<br \/>Man lernt immer viele nette Menschen dabei kennen, die \u00a0mit viel Freude und guter Laune dabei sind.<br \/>Man ist einfach eine gro\u00dfe Karaokefamilie ohne Alterseinschr\u00e4nkung<br \/>und das ist das sch\u00f6ne daran.<\/p>\r\n<p>Ich hoffe das bleibt noch lange so Euer<\/p>\r\n<p>\u00a0Edi<\/p>\r\n","protected":false},"excerpt":{"rendered":"<p>Wie kam ich zu Karaoke? Ich war schon in meiner Jugendzeit ein totaler Musik-Freak.In den 70er, der sogenannten Flower-Power Zeit investierte ich oft meinen ganzen Verdienst um mir die Schallplatten zu kaufen. Vor allem von den damals aktuellen Bands wieSweet, Smokie, Rubettes usw.Auch gefiel mir die Rockmusik, so da\u00df ich mir auch Schallplatten von Deep &hellip;<\/p>\n<p class=\"read-more\"> <a class=\"\" href=\"http:\/\/edi-karaoke.de\/\"> <span class=\"screen-reader-text\">Frontpage<\/span> Weiterlesen &raquo;<\/a><\/p>\n","protected":false},"author":1,"featured_media":0,"parent":0,"menu_order":0,"comment_status":"closed","ping_status":"open","template":"","meta":[],"_links":{"self":[{"href":"http:\/\/edi-karaoke.de\/index.php?rest_route=\/wp\/v2\/pages\/2"}],"collection":[{"href":"http:\/\/edi-karaoke.de\/index.php?rest_route=\/wp\/v2\/pages"}],"about":[{"href":"http:\/\/edi-karaoke.de\/index.php?rest_route=\/wp\/v2\/types\/page"}],"author":[{"embeddable":true,"href":"http:\/\/edi-karaoke.de\/index.php?rest_route=\/wp\/v2\/users\/1"}],"replies":[{"embeddable":true,"href":"http:\/\/edi-karaoke.de\/index.php?rest_route=%2Fwp%2Fv2%2Fcomments&post=2"}],"version-history":[{"count":3,"href":"http:\/\/edi-karaoke.de\/index.php?rest_route=\/wp\/v2\/pages\/2\/revisions"}],"predecessor-version":[{"id":573,"href":"http:\/\/edi-karaoke.de\/index.php?rest_route=\/wp\/v2\/pages\/2\/revisions\/573"}],"wp:attachment":[{"href":"http:\/\/edi-karaoke.de\/index.php?rest_route=%2Fwp%2Fv2%2Fmedia&parent=2"}],"curies":[{"name":"wp","href":"https:\/\/api.w.org\/{rel}","templated":true}]}}